{"id":110,"date":"2019-11-26T12:22:54","date_gmt":"2019-11-26T12:22:54","guid":{"rendered":"https:\/\/demosites.io\/blogger-gb\/?page_id=5"},"modified":"2024-12-16T17:40:53","modified_gmt":"2024-12-16T17:40:53","slug":"582c1-blogger-gb-home","status":"publish","type":"page","link":"https:\/\/arteresidente.it\/","title":{"rendered":"Arte Residente SRL"},"content":{"rendered":"\n<div class=\"wp-block-columns are-vertically-aligned-center is-layout-flex wp-container-core-columns-is-layout-9d6595d7 wp-block-columns-is-layout-flex\">\n<div class=\"wp-block-column is-vertically-aligned-center is-layout-flow wp-block-column-is-layout-flow\" style=\"flex-basis:100%\"><\/div>\n<\/div>\n\n\n<div class=\"wp-block-image\">\n<figure class=\"aligncenter size-large is-resized\"><img fetchpriority=\"high\" decoding=\"async\" width=\"1024\" height=\"589\" src=\"https:\/\/arteresidente.it\/wp-content\/uploads\/2024\/07\/ar-2-1024x589.jpg\" alt=\"Logo Arte Residente\" class=\"wp-image-434\" style=\"width:500px\" srcset=\"https:\/\/arteresidente.it\/wp-content\/uploads\/2024\/07\/ar-2-1024x589.jpg 1024w, https:\/\/arteresidente.it\/wp-content\/uploads\/2024\/07\/ar-2-300x173.jpg 300w, https:\/\/arteresidente.it\/wp-content\/uploads\/2024\/07\/ar-2-768x442.jpg 768w, https:\/\/arteresidente.it\/wp-content\/uploads\/2024\/07\/ar-2.jpg 1080w\" sizes=\"(max-width: 1024px) 100vw, 1024px\" \/><\/figure>\n<\/div>\n\n\n<p class=\"has-text-align-center\"><strong>LE RESIDENZE ARTISTICHE MUSICALI<\/strong><\/p>\n\n\n<div class=\"wp-block-image is-style-default\">\n<figure class=\"aligncenter size-full\"><img decoding=\"async\" width=\"1024\" height=\"683\" src=\"https:\/\/arteresidente.it\/wp-content\/uploads\/2023\/07\/b1d760fc-ca3d-499a-85e6-87f70b8b2c90.jpg\" alt=\"Il teatro Marchionneschi di Guardistallo (PI), foto di Marco Pacini\" class=\"wp-image-195\" srcset=\"https:\/\/arteresidente.it\/wp-content\/uploads\/2023\/07\/b1d760fc-ca3d-499a-85e6-87f70b8b2c90.jpg 1024w, https:\/\/arteresidente.it\/wp-content\/uploads\/2023\/07\/b1d760fc-ca3d-499a-85e6-87f70b8b2c90-300x200.jpg 300w, https:\/\/arteresidente.it\/wp-content\/uploads\/2023\/07\/b1d760fc-ca3d-499a-85e6-87f70b8b2c90-768x512.jpg 768w, https:\/\/arteresidente.it\/wp-content\/uploads\/2023\/07\/b1d760fc-ca3d-499a-85e6-87f70b8b2c90-930x620.jpg 930w\" sizes=\"(max-width: 1024px) 100vw, 1024px\" \/><\/figure>\n<\/div>\n\n\n<h3 id=\"wp-block-themeisle-blocks-advanced-heading-75f54039\" class=\"wp-block-themeisle-blocks-advanced-heading wp-block-themeisle-blocks-advanced-heading-75f54039\"><a href=\"https:\/\/arteresidente.it\/index.php\/582c1-blogger-gb-home\/english-version\/\" target=\"_blank\" rel=\"noreferrer noopener\"><strong>English version<\/strong><\/a><\/h3>\n\n\n\n<p class=\"has-text-align-center has-nv-c-2-color has-text-color has-link-color wp-elements-f8dd657197d8363696195e328b871382\" style=\"font-size:49px\"><\/p>\n\n\n\n<p><\/p>\n\n\n\n<div id=\"wp-block-themeisle-blocks-advanced-columns-b320f813\" class=\"wp-block-themeisle-blocks-advanced-columns has-3-columns has-desktop-equal-layout has-tablet-equal-layout has-mobile-collapsedRows-layout has-vertical-unset\"><div class=\"wp-block-themeisle-blocks-advanced-columns-overlay\"><\/div><div class=\"innerblocks-wrap\">\n<div id=\"wp-block-themeisle-blocks-advanced-column-42182f0d\" class=\"wp-block-themeisle-blocks-advanced-column\">\n<h3 class=\"wp-block-heading\">IDEA<\/h3>\n\n\n\n<p>Utilizzare un teatro o un cinema in disuso e trasformarlo in uno spazio per residenze artistiche con soluzioni tecnologiche innovative: audio, recording e live. Un modello di gestione che sfrutti le potenzialit\u00e0 del posto, in grado offrire servizi e ospitalit\u00e0 ad artisti di ogni tipologia e livello a dei prezzi contenuti.    Dove ogni musicista si senta a casa propria e dove tutto si trova a pochi passi. <\/p>\n\n\n\n<p id=\"wp-block-themeisle-blocks-advanced-heading-852c591d\" class=\"wp-block-themeisle-blocks-advanced-heading wp-block-themeisle-blocks-advanced-heading-852c591d\"><\/p>\n<\/div>\n\n\n\n<div id=\"wp-block-themeisle-blocks-advanced-column-cd359245\" class=\"wp-block-themeisle-blocks-advanced-column\">\n<h3 class=\"wp-block-heading\">MODELLO<\/h3>\n\n\n\n<p>Nel teatro <a href=\"https:\/\/www.facebook.com\/people\/RAM-Residenze-Artistiche-Musicali\/100078411217408\/?paipv=0&amp;eav=AfbOeQToTDO3a8rlZdT2lcFn_kxG2rY1jgFH1NSK5siMLRpK_fiaKD4gSkioq-BkRmA&amp;_rdr\">Marchionneschi <\/a>nel borgo di  <a href=\"https:\/\/www.google.com\/maps\/place\/56040+Guardistallo+PI\/@43.3136393,10.6247882,16z\/data=!3m1!4b1!4m6!3m5!1s0x132a000d68e2e543:0x22e1fe99524a4da1!8m2!3d43.3113078!4d10.6294097!16zL20vMGdsZm53?authuser=0&amp;entry=ttu\">Guardistallo<\/a> (PI), siamo riusciti a realizzare questo, rivitalizzando il teatro comunque aperto a tutte le arti e innestando una ricaduta economica sulle attivit\u00e0 commerciali e di ospitalit\u00e0 del borgo. Una proposta professionale anche per artisti esteri. Un modello di sostenibilit\u00e0 imprenditoriale in collaborazione con le  associazione del territorio. Un valore culturale, sociale e di qualit\u00e0 di vita.                      Tutto questo con vista sull&#8217;arcipelago toscano, a 10 min. dal mare della costa degli etruschi.                <\/p>\n\n\n\n<p><\/p>\n\n\n\n<p id=\"wp-block-themeisle-blocks-advanced-heading-98c8b9c2\" class=\"wp-block-themeisle-blocks-advanced-heading wp-block-themeisle-blocks-advanced-heading-98c8b9c2\"><\/p>\n<\/div>\n\n\n\n<div id=\"wp-block-themeisle-blocks-advanced-column-9a9f49aa\" class=\"wp-block-themeisle-blocks-advanced-column\">\n<h3 class=\"wp-block-heading\">REPLICAZIONE<\/h3>\n\n\n\n<p>Ogni luogo \u00e8 diverso e diversa \u00e8 la progettazione. Grazie all&#8217;esperienza di Guardistallo, la conferma della nostra visione e del metodo collaudato per i prossimi lavori\/location che ci attendono, per creare una rete connessa.  <\/p>\n\n\n\n<p>Grazie al nostro incredibile team e ai nostri partner, proponiamo InterventI ad Hoc sulle location, studi di fattibilit\u00e0, progettazione e bandi, formazione personale, attrezzature e tecnologie, sistemi di sostenibilit\u00e0 gestionale, turismo e cultura, comunicazione.              <\/p>\n\n\n\n<p><strong>Noi siamo pronti! E voi?<\/strong><\/p>\n\n\n\n<p id=\"wp-block-themeisle-blocks-advanced-heading-a687c894\" class=\"wp-block-themeisle-blocks-advanced-heading wp-block-themeisle-blocks-advanced-heading-a687c894\"><\/p>\n<\/div>\n<\/div><\/div>\n\n\n\n<h2 class=\"wp-block-heading has-text-align-center\"><\/h2>\n\n\n\n<h2 class=\"wp-block-heading has-text-align-center\"><\/h2>\n\n\n\n<div id=\"wp-block-themeisle-blocks-advanced-columns-5a83b79b\" class=\"wp-block-themeisle-blocks-advanced-columns alignfull has-2-columns has-desktop-equal-layout has-tablet-equal-layout has-mobile-collapsedRows-layout has-vertical-center has-dark-bg\"><div class=\"wp-block-themeisle-blocks-advanced-columns-overlay\"><\/div><div class=\"innerblocks-wrap\">\n<div id=\"wp-block-themeisle-blocks-advanced-column-02495679\" class=\"wp-block-themeisle-blocks-advanced-column ticss-48ef8f35\">\n<p id=\"wp-block-themeisle-blocks-advanced-heading-a67260d8\" class=\"wp-block-themeisle-blocks-advanced-heading wp-block-themeisle-blocks-advanced-heading-a67260d8\"><\/p>\n\n\n\n<h2 class=\"wp-block-heading has-nv-text-dark-bg-color has-text-color\">Cos&#8217;\u00e8 Arte Residente<\/h2>\n\n\n\n<p class=\"has-nv-text-dark-bg-color has-text-color\"><strong>UN&#8217;IDEA TRASFORMATA IN SOCIET\u00c0<\/strong><\/p>\n\n\n\n<p>Tutti i musicisti, dai professionisti agli esordienti, per il loro lavoro hanno bisogno di luoghi per creare, provare da soli o in band, registrare, per mettere in piedi il proprio tour, per verificare se i livelli e i suoni siano equilibrati. Questi luoghi sono sempre diversi tra di loro.<\/p>\n\n\n\n<p>La  domanda che ci siamo posti \u00e8 stata:         <strong>PERCH\u00c8 NON FARE TUTTO IN UN UNICO LUOGO?<\/strong><\/p>\n\n\n\n<p>Con una progettazione professionale, la tecnologia adeguata e una societ\u00e0 come Arte Residente in grado di coprire tutti i servizi a 360\u00b0 &#8220;si pu\u00f2 fare!&#8221;.  Ricordiamoci che in Italia i teatri  sono nati anche e sopratutto per fare musica con le filarmoniche. <\/p>\n\n\n\n<p><strong>In Italia ci sono probabilmente pi\u00f9 di 600 teatri abbandonati o inutilizzati<\/strong> (per non parlare dei cinema) <\/p>\n\n\n\n<p>I partner sono stati essenziali per la realizzazione del modello Arte Residente. Primi fra tutti la<a href=\"https:\/\/www.k-array.com\/\" target=\"_blank\" rel=\"noreferrer noopener\"> K-ARRAY<\/a> che ha supportato l&#8217;idea con attrezzatura audio live di altissimo livello. Poi <a href=\"https:\/\/www.retedoc.net\/\" target=\"_blank\" rel=\"noreferrer noopener\">RETE DOC<\/a> come socia per la distribuzione del modello e per il supporto tecnico organizzativo. L&#8217; APS PICCOLA PARIGI di Guardistallo per la gestione del teatro .<\/p>\n\n\n\n<p class=\"wp-block-themeisle-blocks-advanced-heading wp-block-themeisle-blocks-advanced-heading-291a439a has-white-color has-text-color\"><strong>INFO<\/strong> : GUARDISTALLO si trova a 10 min. da Cecina, stazione treni e E80 Aurelia &#8211; In auto Aeroporto Internazionale <a href=\"https:\/\/www.pisa-airport.com\/it\/\">PISA<\/a> 40 min. &#8211; FIRENZE 1 ora 45 min.- ROMA 3 ore .<\/p>\n\n\n\n<p>Nelle vicinanze: il Bolgherese ( zona vitivinicola famosa per il Sassicaia) &#8211; Terme di <a href=\"https:\/\/www.google.com\/maps\/place\/Terme+di+Venturina\/@43.0382158,10.5876117,17z\/data=!4m20!1m10!3m9!1s0x12d61e24330dec0b:0xb72774f4b694a803!2sTerme+di+Venturina!5m2!4m1!1i2!8m2!3d43.0382119!4d10.590192!16s%2Fg%2F1tj0m3c3!3m8!1s0x12d61e24330dec0b:0xb72774f4b694a803!5m2!4m1!1i2!8m2!3d43.0382119!4d10.590192!16s%2Fg%2F1tj0m3c3?entry=ttu\">Venturina<\/a>, <a href=\"https:\/\/www.google.com\/maps\/place\/Tombolo+Talasso+Resort\/@43.1795921,10.5395896,15z\/data=!4m9!3m8!1s0x12d6036524785423:0x337b7224b7ea5b3c!5m2!4m1!1i2!8m2!3d43.1795921!4d10.5395896!16s%2Fg%2F1tdtx_0v?entry=ttu\">SPA Tombolo<\/a>, <a href=\"https:\/\/www.google.com\/maps\/place\/La+Cerreta+Terme\/@43.12879,10.6605513,15z\/data=!4m2!3m1!1s0x0:0xb04d5e23cf7a3ea6?sa=X&amp;ved=2ahUKEwjWy7Oci4SBAxUZT6QEHQURDDMQ_BJ6BAgmEAA&amp;ved=2ahUKEwjWy7Oci4SBAxUZT6QEHQURDDMQ_BJ6BAgrEAg\">Terme di Cerreta<\/a>. a 10 min<\/p>\n\n\n\n<p>Organizzazione per alloggi e convenzioni ristoranti <\/p>\n\n\n\n<p class=\"has-text-align-center\"><strong><a href=\"https:\/\/arteresidente.it\/wp-content\/uploads\/2023\/08\/TECH-SPECS.zip\">SCARICA LA PIANTA E LA SCHEDA TECNICA DEL TEATRO MARCHIONNESCHI DI GUARDISTALLO  (technical sheet and planimetry<\/a>)<\/strong><\/p>\n<\/div>\n\n\n\n<div id=\"wp-block-themeisle-blocks-advanced-column-67e16009\" class=\"wp-block-themeisle-blocks-advanced-column ticss-5418d6a3\">\n<figure class=\"wp-block-image size-full\"><img decoding=\"async\" width=\"1024\" height=\"768\" src=\"https:\/\/arteresidente.it\/wp-content\/uploads\/2023\/07\/3cdef39c-6f93-4ef2-868f-cc12d929a9f2.jpg\" alt=\"\" class=\"wp-image-196\" srcset=\"https:\/\/arteresidente.it\/wp-content\/uploads\/2023\/07\/3cdef39c-6f93-4ef2-868f-cc12d929a9f2.jpg 1024w, https:\/\/arteresidente.it\/wp-content\/uploads\/2023\/07\/3cdef39c-6f93-4ef2-868f-cc12d929a9f2-300x225.jpg 300w, https:\/\/arteresidente.it\/wp-content\/uploads\/2023\/07\/3cdef39c-6f93-4ef2-868f-cc12d929a9f2-768x576.jpg 768w\" sizes=\"(max-width: 1024px) 100vw, 1024px\" \/><\/figure>\n\n\n\n<figure class=\"wp-block-image size-full\"><img loading=\"lazy\" decoding=\"async\" width=\"1024\" height=\"768\" src=\"https:\/\/arteresidente.it\/wp-content\/uploads\/2023\/07\/3e371a8f-2698-430b-9410-7f88c957c2ee.jpg\" alt=\"\" class=\"wp-image-213\" srcset=\"https:\/\/arteresidente.it\/wp-content\/uploads\/2023\/07\/3e371a8f-2698-430b-9410-7f88c957c2ee.jpg 1024w, https:\/\/arteresidente.it\/wp-content\/uploads\/2023\/07\/3e371a8f-2698-430b-9410-7f88c957c2ee-300x225.jpg 300w, https:\/\/arteresidente.it\/wp-content\/uploads\/2023\/07\/3e371a8f-2698-430b-9410-7f88c957c2ee-768x576.jpg 768w\" sizes=\"(max-width: 1024px) 100vw, 1024px\" \/><\/figure>\n<\/div>\n<\/div><\/div>\n\n\n\n<div id=\"wp-block-themeisle-blocks-advanced-columns-194b2b21\" class=\"wp-block-themeisle-blocks-advanced-columns alignfull has-1-columns has-desktop-equal-layout has-tablet-equal-layout has-mobile-equal-layout has-vertical-unset has-light-bg\"><div class=\"wp-block-themeisle-blocks-advanced-columns-overlay\"><\/div><div class=\"innerblocks-wrap\">\n<div id=\"wp-block-themeisle-blocks-advanced-column-204c7024\" class=\"wp-block-themeisle-blocks-advanced-column\">\n<div id=\"wp-block-themeisle-blocks-advanced-columns-33738250\" class=\"wp-block-themeisle-blocks-advanced-columns has-3-columns has-desktop-equal-layout has-tablet-equal-layout has-mobile-collapsedRows-layout has-vertical-unset\"><div class=\"wp-block-themeisle-blocks-advanced-columns-overlay\"><\/div><div class=\"innerblocks-wrap\">\n<div id=\"wp-block-themeisle-blocks-advanced-column-c4c3925f\" class=\"wp-block-themeisle-blocks-advanced-column\">\n<figure class=\"wp-block-image size-full is-resized\"><img loading=\"lazy\" decoding=\"async\" width=\"725\" height=\"550\" src=\"https:\/\/arteresidente.it\/wp-content\/uploads\/2024\/07\/Screenshot-2024-07-03-alle-09.46.22-1.png\" alt=\"\" class=\"wp-image-423\" style=\"width:228px;height:auto\" srcset=\"https:\/\/arteresidente.it\/wp-content\/uploads\/2024\/07\/Screenshot-2024-07-03-alle-09.46.22-1.png 725w, https:\/\/arteresidente.it\/wp-content\/uploads\/2024\/07\/Screenshot-2024-07-03-alle-09.46.22-1-300x228.png 300w\" sizes=\"(max-width: 725px) 100vw, 725px\" \/><\/figure>\n\n\n\n<div style=\"height:16px\" aria-hidden=\"true\" class=\"wp-block-spacer\"><\/div>\n\n\n\n<h3 class=\"wp-block-heading\"><a href=\"https:\/\/arteresidente.it\/index.php\/residenze-artistiche-musicali\/\">Residenze artistiche musicali<\/a><\/h3>\n\n\n\n<p>Un sogno diventato realt\u00e0<\/p>\n\n\n\n<p id=\"wp-block-themeisle-blocks-advanced-heading-741fa943\" class=\"wp-block-themeisle-blocks-advanced-heading wp-block-themeisle-blocks-advanced-heading-741fa943\"><\/p>\n<\/div>\n\n\n\n<div id=\"wp-block-themeisle-blocks-advanced-column-2fac3b7a\" class=\"wp-block-themeisle-blocks-advanced-column\">\n<figure class=\"wp-block-image size-full is-resized\"><img loading=\"lazy\" decoding=\"async\" width=\"422\" height=\"426\" src=\"https:\/\/arteresidente.it\/wp-content\/uploads\/2023\/07\/Schermata-2023-07-10-alle-18.54.25.png\" alt=\"\" class=\"wp-image-150\" style=\"width:154px;height:auto\" srcset=\"https:\/\/arteresidente.it\/wp-content\/uploads\/2023\/07\/Schermata-2023-07-10-alle-18.54.25.png 422w, https:\/\/arteresidente.it\/wp-content\/uploads\/2023\/07\/Schermata-2023-07-10-alle-18.54.25-297x300.png 297w, https:\/\/arteresidente.it\/wp-content\/uploads\/2023\/07\/Schermata-2023-07-10-alle-18.54.25-150x150.png 150w\" sizes=\"(max-width: 422px) 100vw, 422px\" \/><\/figure>\n\n\n\n<div style=\"height:16px\" aria-hidden=\"true\" class=\"wp-block-spacer\"><\/div>\n\n\n\n<h3 class=\"wp-block-heading\"><a href=\"https:\/\/arteresidente.it\/index.php\/team-partner\/\">Team &amp; Partner<\/a><\/h3>\n\n\n\n<p>Il gruppo di lavoro di Arte Residente capitanato da Antonio Aiazzi <\/p>\n\n\n\n<p id=\"wp-block-themeisle-blocks-advanced-heading-8e5023f8\" class=\"wp-block-themeisle-blocks-advanced-heading wp-block-themeisle-blocks-advanced-heading-8e5023f8\"><\/p>\n<\/div>\n\n\n\n<div id=\"wp-block-themeisle-blocks-advanced-column-dcbf27d1\" class=\"wp-block-themeisle-blocks-advanced-column\">\n<figure class=\"wp-block-image size-full is-resized\"><img loading=\"lazy\" decoding=\"async\" width=\"768\" height=\"768\" src=\"https:\/\/arteresidente.it\/wp-content\/uploads\/2023\/07\/part.jpg\" alt=\"\" class=\"wp-image-151\" style=\"width:153px;height:auto\" srcset=\"https:\/\/arteresidente.it\/wp-content\/uploads\/2023\/07\/part.jpg 768w, https:\/\/arteresidente.it\/wp-content\/uploads\/2023\/07\/part-300x300.jpg 300w, https:\/\/arteresidente.it\/wp-content\/uploads\/2023\/07\/part-150x150.jpg 150w\" sizes=\"(max-width: 768px) 100vw, 768px\" \/><\/figure>\n\n\n\n<div style=\"height:16px\" aria-hidden=\"true\" class=\"wp-block-spacer\"><\/div>\n\n\n\n<h3 class=\"wp-block-heading\"><a href=\"https:\/\/arteresidente.it\/index.php\/sono-passati-da-qui\/\">Sono passati da qui<\/a><\/h3>\n\n\n\n<p>Una selezione di artisti che hanno scelto di lavorare qui<\/p>\n\n\n\n<p id=\"wp-block-themeisle-blocks-advanced-heading-c6f25443\" class=\"wp-block-themeisle-blocks-advanced-heading wp-block-themeisle-blocks-advanced-heading-c6f25443\"><\/p>\n<\/div>\n<\/div><\/div>\n\n\n\n<p><\/p>\n\n\n\n<h2 class=\"wp-block-heading\"><strong><a href=\"https:\/\/arteresidente.it\/index.php\/ooomh-out-of-ordinary-music-hills-festival\/\">OOOMH (out of ordinary music hills) FESTIVAL<\/a><\/strong><\/h2>\n\n\n\n<p><\/p>\n\n\n\n<h3 class=\"wp-block-heading\"><a href=\"https:\/\/arteresidente.it\/index.php\/digiteen-lab\/\">Sperimentazione in arrivo: DIGITEEN LAB<\/a><\/h3>\n<\/div>\n<\/div><\/div>\n\n\n\n<div id=\"wp-block-themeisle-blocks-advanced-columns-6f11e740\" class=\"wp-block-themeisle-blocks-advanced-columns alignfull has-1-columns has-desktop-equal-layout has-tablet-equal-layout has-mobile-equal-layout has-vertical-unset\"><div class=\"wp-block-themeisle-blocks-advanced-columns-overlay\"><\/div><div class=\"innerblocks-wrap\">\n<div id=\"wp-block-themeisle-blocks-advanced-column-085d763a\" class=\"wp-block-themeisle-blocks-advanced-column\">\n<h2 class=\"wp-block-heading has-text-align-center has-12-font-size\"><strong><a href=\"mailto:info.arteresidente@gmail.com\">Info \/ Contatti<\/a><\/strong><\/h2>\n\n\n\n<p><\/p>\n\n\n\n<h2 id=\"wp-block-themeisle-blocks-advanced-heading-4e96de44\" class=\"wp-block-themeisle-blocks-advanced-heading wp-block-themeisle-blocks-advanced-heading-4e96de44\">Seguici sui social!<\/h2>\n\n\n\n<p class=\"has-text-align-center\" style=\"font-size:22px\"><a href=\"https:\/\/www.facebook.com\/arteresidente.residenzeartistichemusicali\/\">Facebook<\/a> \/ <a href=\"https:\/\/www.instagram.com\/arte_residente\/\">Instagram<\/a><\/p>\n\n\n\n<div style=\"height:40px\" aria-hidden=\"true\" class=\"wp-block-spacer\"><\/div>\n<\/div>\n<\/div><\/div>\n\n\n\n<div id=\"wp-block-themeisle-blocks-advanced-columns-6a564611\" class=\"wp-block-themeisle-blocks-advanced-columns alignfull has-0-columns has-desktop-equal-layout has-tablet-equal-layout has-mobile-collapsedRows-layout has-vertical-unset\"><div class=\"wp-block-themeisle-blocks-advanced-columns-overlay\"><\/div><div class=\"innerblocks-wrap\"><\/div><\/div>\n","protected":false},"excerpt":{"rendered":"<p>LE RESIDENZE ARTISTICHE MUSICALI<\/p>\n","protected":false},"author":1,"featured_media":221,"parent":0,"menu_order":0,"comment_status":"closed","ping_status":"closed","template":"page-templates\/template-pagebuilder-full-width.php","meta":{"neve_meta_sidebar":"full-width","neve_meta_container":"full-width","neve_meta_enable_content_width":"on","neve_meta_content_width":70,"neve_meta_title_alignment":"right","neve_meta_author_avatar":"","neve_post_elements_order":"","neve_meta_disable_header":"on","neve_meta_disable_footer":"on","neve_meta_disable_title":"on","_themeisle_gutenberg_block_has_review":false,"footnotes":""},"class_list":["post-110","page","type-page","status-publish","has-post-thumbnail","hentry"],"yoast_head":"<!-- This site is optimized with the Yoast SEO plugin v24.0 - https:\/\/yoast.com\/wordpress\/plugins\/seo\/ -->\n<title>Arte Residente SRL - Arte Residente<\/title>\n<meta name=\"robots\" content=\"index, follow, max-snippet:-1, max-image-preview:large, max-video-preview:-1\" \/>\n<link rel=\"canonical\" href=\"https:\/\/arteresidente.it\/\" \/>\n<meta property=\"og:locale\" content=\"it_IT\" \/>\n<meta property=\"og:type\" content=\"article\" \/>\n<meta property=\"og:title\" content=\"Arte Residente SRL - Arte Residente\" \/>\n<meta property=\"og:description\" content=\"LE RESIDENZE ARTISTICHE MUSICALI\" \/>\n<meta property=\"og:url\" content=\"https:\/\/arteresidente.it\/\" \/>\n<meta property=\"og:site_name\" content=\"Arte Residente\" \/>\n<meta property=\"article:modified_time\" content=\"2024-12-16T17:40:53+00:00\" \/>\n<meta property=\"og:image\" content=\"https:\/\/arteresidente.it\/wp-content\/uploads\/2023\/07\/c4ce6a47-a439-499b-bafe-962f02a3adee.jpg\" \/>\n\t<meta property=\"og:image:width\" content=\"1024\" \/>\n\t<meta property=\"og:image:height\" content=\"683\" \/>\n\t<meta property=\"og:image:type\" content=\"image\/jpeg\" \/>\n<meta name=\"twitter:card\" content=\"summary_large_image\" \/>\n<meta name=\"twitter:label1\" content=\"Tempo di lettura stimato\" \/>\n\t<meta name=\"twitter:data1\" content=\"5 minuti\" \/>\n<script type=\"application\/ld+json\" class=\"yoast-schema-graph\">{\"@context\":\"https:\/\/schema.org\",\"@graph\":[{\"@type\":\"WebPage\",\"@id\":\"https:\/\/arteresidente.it\/\",\"url\":\"https:\/\/arteresidente.it\/\",\"name\":\"Arte Residente SRL - Arte Residente\",\"isPartOf\":{\"@id\":\"https:\/\/arteresidente.it\/#website\"},\"primaryImageOfPage\":{\"@id\":\"https:\/\/arteresidente.it\/#primaryimage\"},\"image\":{\"@id\":\"https:\/\/arteresidente.it\/#primaryimage\"},\"thumbnailUrl\":\"https:\/\/arteresidente.it\/wp-content\/uploads\/2023\/07\/c4ce6a47-a439-499b-bafe-962f02a3adee.jpg\",\"datePublished\":\"2019-11-26T12:22:54+00:00\",\"dateModified\":\"2024-12-16T17:40:53+00:00\",\"breadcrumb\":{\"@id\":\"https:\/\/arteresidente.it\/#breadcrumb\"},\"inLanguage\":\"it-IT\",\"potentialAction\":[{\"@type\":\"ReadAction\",\"target\":[\"https:\/\/arteresidente.it\/\"]}]},{\"@type\":\"ImageObject\",\"inLanguage\":\"it-IT\",\"@id\":\"https:\/\/arteresidente.it\/#primaryimage\",\"url\":\"https:\/\/arteresidente.it\/wp-content\/uploads\/2023\/07\/c4ce6a47-a439-499b-bafe-962f02a3adee.jpg\",\"contentUrl\":\"https:\/\/arteresidente.it\/wp-content\/uploads\/2023\/07\/c4ce6a47-a439-499b-bafe-962f02a3adee.jpg\",\"width\":1024,\"height\":683},{\"@type\":\"BreadcrumbList\",\"@id\":\"https:\/\/arteresidente.it\/#breadcrumb\",\"itemListElement\":[{\"@type\":\"ListItem\",\"position\":1,\"name\":\"Home\",\"item\":\"https:\/\/arteresidente.it\/\"},{\"@type\":\"ListItem\",\"position\":2,\"name\":\"Arte Residente SRL\"}]},{\"@type\":\"WebSite\",\"@id\":\"https:\/\/arteresidente.it\/#website\",\"url\":\"https:\/\/arteresidente.it\/\",\"name\":\"Arte Residente\",\"description\":\"\",\"potentialAction\":[{\"@type\":\"SearchAction\",\"target\":{\"@type\":\"EntryPoint\",\"urlTemplate\":\"https:\/\/arteresidente.it\/?s={search_term_string}\"},\"query-input\":{\"@type\":\"PropertyValueSpecification\",\"valueRequired\":true,\"valueName\":\"search_term_string\"}}],\"inLanguage\":\"it-IT\"}]}<\/script>\n<!-- \/ Yoast SEO plugin. -->","yoast_head_json":{"title":"Arte Residente SRL - Arte Residente","robots":{"index":"index","follow":"follow","max-snippet":"max-snippet:-1","max-image-preview":"max-image-preview:large","max-video-preview":"max-video-preview:-1"},"canonical":"https:\/\/arteresidente.it\/","og_locale":"it_IT","og_type":"article","og_title":"Arte Residente SRL - Arte Residente","og_description":"LE RESIDENZE ARTISTICHE MUSICALI","og_url":"https:\/\/arteresidente.it\/","og_site_name":"Arte Residente","article_modified_time":"2024-12-16T17:40:53+00:00","og_image":[{"width":1024,"height":683,"url":"https:\/\/arteresidente.it\/wp-content\/uploads\/2023\/07\/c4ce6a47-a439-499b-bafe-962f02a3adee.jpg","type":"image\/jpeg"}],"twitter_card":"summary_large_image","twitter_misc":{"Tempo di lettura stimato":"5 minuti"},"schema":{"@context":"https:\/\/schema.org","@graph":[{"@type":"WebPage","@id":"https:\/\/arteresidente.it\/","url":"https:\/\/arteresidente.it\/","name":"Arte Residente SRL - Arte Residente","isPartOf":{"@id":"https:\/\/arteresidente.it\/#website"},"primaryImageOfPage":{"@id":"https:\/\/arteresidente.it\/#primaryimage"},"image":{"@id":"https:\/\/arteresidente.it\/#primaryimage"},"thumbnailUrl":"https:\/\/arteresidente.it\/wp-content\/uploads\/2023\/07\/c4ce6a47-a439-499b-bafe-962f02a3adee.jpg","datePublished":"2019-11-26T12:22:54+00:00","dateModified":"2024-12-16T17:40:53+00:00","breadcrumb":{"@id":"https:\/\/arteresidente.it\/#breadcrumb"},"inLanguage":"it-IT","potentialAction":[{"@type":"ReadAction","target":["https:\/\/arteresidente.it\/"]}]},{"@type":"ImageObject","inLanguage":"it-IT","@id":"https:\/\/arteresidente.it\/#primaryimage","url":"https:\/\/arteresidente.it\/wp-content\/uploads\/2023\/07\/c4ce6a47-a439-499b-bafe-962f02a3adee.jpg","contentUrl":"https:\/\/arteresidente.it\/wp-content\/uploads\/2023\/07\/c4ce6a47-a439-499b-bafe-962f02a3adee.jpg","width":1024,"height":683},{"@type":"BreadcrumbList","@id":"https:\/\/arteresidente.it\/#breadcrumb","itemListElement":[{"@type":"ListItem","position":1,"name":"Home","item":"https:\/\/arteresidente.it\/"},{"@type":"ListItem","position":2,"name":"Arte Residente SRL"}]},{"@type":"WebSite","@id":"https:\/\/arteresidente.it\/#website","url":"https:\/\/arteresidente.it\/","name":"Arte Residente","description":"","potentialAction":[{"@type":"SearchAction","target":{"@type":"EntryPoint","urlTemplate":"https:\/\/arteresidente.it\/?s={search_term_string}"},"query-input":{"@type":"PropertyValueSpecification","valueRequired":true,"valueName":"search_term_string"}}],"inLanguage":"it-IT"}]}},"jetpack_sharing_enabled":true,"_links":{"self":[{"href":"https:\/\/arteresidente.it\/index.php\/wp-json\/wp\/v2\/pages\/110","targetHints":{"allow":["GET"]}}],"collection":[{"href":"https:\/\/arteresidente.it\/index.php\/wp-json\/wp\/v2\/pages"}],"about":[{"href":"https:\/\/arteresidente.it\/index.php\/wp-json\/wp\/v2\/types\/page"}],"author":[{"embeddable":true,"href":"https:\/\/arteresidente.it\/index.php\/wp-json\/wp\/v2\/users\/1"}],"replies":[{"embeddable":true,"href":"https:\/\/arteresidente.it\/index.php\/wp-json\/wp\/v2\/comments?post=110"}],"version-history":[{"count":100,"href":"https:\/\/arteresidente.it\/index.php\/wp-json\/wp\/v2\/pages\/110\/revisions"}],"predecessor-version":[{"id":454,"href":"https:\/\/arteresidente.it\/index.php\/wp-json\/wp\/v2\/pages\/110\/revisions\/454"}],"wp:featuredmedia":[{"embeddable":true,"href":"https:\/\/arteresidente.it\/index.php\/wp-json\/wp\/v2\/media\/221"}],"wp:attachment":[{"href":"https:\/\/arteresidente.it\/index.php\/wp-json\/wp\/v2\/media?parent=110"}],"curies":[{"name":"wp","href":"https:\/\/api.w.org\/{rel}","templated":true}]}}