{"id":364,"date":"2023-10-04T11:44:42","date_gmt":"2023-10-04T11:44:42","guid":{"rendered":"https:\/\/arteresidente.it\/?page_id=364"},"modified":"2024-07-30T18:00:56","modified_gmt":"2024-07-30T18:00:56","slug":"digiteen-lab","status":"publish","type":"page","link":"https:\/\/arteresidente.it\/index.php\/digiteen-lab\/","title":{"rendered":"DIGITEEN LAB"},"content":{"rendered":"\n<p>di Arte Residente e Piccola Parigi<\/p>\n\n\n\n<p><\/p>\n\n\n\n<p>Da Novembre 2024 un nuovo progetto nel teatro Marchionneschi di Guardistallo: il DIGITEEN LAB , uno spazio dedicato agli adolescenti ricavato nel foyer del teatro. Nello spazio saranno presenti attrezzature audio video digitali e analogiche, donate da musicisti e video operatori toscani. Queste attrezzature serviranno ad accompagnare gli adolescenti nei primi passi per la conoscenza di strumenti e software, cercando di appassionarli attraverso dei corsi guidati. Ma anche nella realt\u00e0 dello spettacolo grazie agli eventi proposti in teatro da RAM, iniziando cos\u00ec un percorso di libert\u00e0 espressiva e di condivisione delle idee con i coetanei \u201cspippolando fra manopole e cursori\u201d.<\/p>\n\n\n\n<p><br>Gli scopi e gli obiettivi di questa nuova iniziativa di Arte Residente sono :<br>1) Creare uno spazio aperto per gli adolescenti della comunit\u00e0.<br>2) Utilizzare il mondo digitale in modo attivo e creativo ( e non solo e sempre passivo )<br>3) Sviluppare la condivisione e la coesione progettuale fra coetanei.<br>4) Innescare curiosit\u00e0, interesse e critica per un futuro professionale.<br>5) Riutilizzare spazi culturali sottoutilizzati.<\/p>\n\n\n\n<p><\/p>\n\n\n\n<p><\/p>\n\n\n\n<div id=\"wp-block-themeisle-blocks-advanced-columns-1d2926d6\" class=\"wp-block-themeisle-blocks-advanced-columns alignfull has-1-columns has-desktop-equal-layout has-tablet-equal-layout has-mobile-collapsedRows-layout has-reverse-columns-mobile has-vertical-center ticss-c00aadba\"><div class=\"wp-block-themeisle-blocks-advanced-columns-overlay\"><\/div><div class=\"innerblocks-wrap\">\n<div id=\"wp-block-themeisle-blocks-advanced-column-e32f0cfa\" class=\"wp-block-themeisle-blocks-advanced-column\"><style type=\"text\/css\">.otter-masonry .blocks-gallery-grid .blocks-gallery-item img{ width:100% }<\/style><div class=\"otter-masonry\" data-margin=\"10\">\n<figure class=\"wp-block-gallery has-nested-images columns-2 is-cropped wp-block-gallery-1 is-layout-flex wp-block-gallery-is-layout-flex\">\n<figure class=\"wp-block-image size-large\"><img fetchpriority=\"high\" decoding=\"async\" width=\"1024\" height=\"635\" data-id=\"382\" src=\"https:\/\/arteresidente.it\/wp-content\/uploads\/2023\/10\/DSC0363-1024x635.jpg\" alt=\"\" class=\"wp-image-382\" srcset=\"https:\/\/arteresidente.it\/wp-content\/uploads\/2023\/10\/DSC0363-1024x635.jpg 1024w, https:\/\/arteresidente.it\/wp-content\/uploads\/2023\/10\/DSC0363-300x186.jpg 300w, https:\/\/arteresidente.it\/wp-content\/uploads\/2023\/10\/DSC0363-768x477.jpg 768w, https:\/\/arteresidente.it\/wp-content\/uploads\/2023\/10\/DSC0363-1536x953.jpg 1536w, https:\/\/arteresidente.it\/wp-content\/uploads\/2023\/10\/DSC0363-2048x1271.jpg 2048w\" sizes=\"(max-width: 1024px) 100vw, 1024px\" \/><\/figure>\n\n\n\n<figure class=\"wp-block-image size-large\"><img decoding=\"async\" width=\"1024\" height=\"628\" data-id=\"381\" src=\"https:\/\/arteresidente.it\/wp-content\/uploads\/2023\/10\/DSC0326-1024x628.jpg\" alt=\"\" class=\"wp-image-381\" srcset=\"https:\/\/arteresidente.it\/wp-content\/uploads\/2023\/10\/DSC0326-1024x628.jpg 1024w, https:\/\/arteresidente.it\/wp-content\/uploads\/2023\/10\/DSC0326-300x184.jpg 300w, https:\/\/arteresidente.it\/wp-content\/uploads\/2023\/10\/DSC0326-768x471.jpg 768w, https:\/\/arteresidente.it\/wp-content\/uploads\/2023\/10\/DSC0326-1536x941.jpg 1536w, https:\/\/arteresidente.it\/wp-content\/uploads\/2023\/10\/DSC0326-2048x1255.jpg 2048w\" sizes=\"(max-width: 1024px) 100vw, 1024px\" \/><\/figure>\n\n\n\n<figure class=\"wp-block-image size-large\"><img decoding=\"async\" width=\"1024\" height=\"680\" data-id=\"384\" src=\"https:\/\/arteresidente.it\/wp-content\/uploads\/2023\/10\/DSC0345-1024x680.jpg\" alt=\"\" class=\"wp-image-384\" srcset=\"https:\/\/arteresidente.it\/wp-content\/uploads\/2023\/10\/DSC0345-1024x680.jpg 1024w, https:\/\/arteresidente.it\/wp-content\/uploads\/2023\/10\/DSC0345-300x199.jpg 300w, https:\/\/arteresidente.it\/wp-content\/uploads\/2023\/10\/DSC0345-768x510.jpg 768w, https:\/\/arteresidente.it\/wp-content\/uploads\/2023\/10\/DSC0345-1536x1020.jpg 1536w, https:\/\/arteresidente.it\/wp-content\/uploads\/2023\/10\/DSC0345-2048x1360.jpg 2048w\" sizes=\"(max-width: 1024px) 100vw, 1024px\" \/><\/figure>\n\n\n\n<figure class=\"wp-block-image size-large\"><img loading=\"lazy\" decoding=\"async\" width=\"1024\" height=\"680\" data-id=\"385\" src=\"https:\/\/arteresidente.it\/wp-content\/uploads\/2023\/10\/DSC0327-1024x680.jpg\" alt=\"\" class=\"wp-image-385\" srcset=\"https:\/\/arteresidente.it\/wp-content\/uploads\/2023\/10\/DSC0327-1024x680.jpg 1024w, https:\/\/arteresidente.it\/wp-content\/uploads\/2023\/10\/DSC0327-300x199.jpg 300w, https:\/\/arteresidente.it\/wp-content\/uploads\/2023\/10\/DSC0327-768x510.jpg 768w, https:\/\/arteresidente.it\/wp-content\/uploads\/2023\/10\/DSC0327-1536x1020.jpg 1536w, https:\/\/arteresidente.it\/wp-content\/uploads\/2023\/10\/DSC0327-2048x1360.jpg 2048w\" sizes=\"(max-width: 1024px) 100vw, 1024px\" \/><\/figure>\n<\/figure>\n<\/div><\/div>\n<\/div><\/div>\n","protected":false},"excerpt":{"rendered":"<p>di Arte Residente e Piccola Parigi Da Novembre 2024 un nuovo progetto nel teatro Marchionneschi di Guardistallo: il DIGITEEN LAB , uno spazio dedicato agli adolescenti ricavato nel foyer del teatro. Nello spazio saranno presenti attrezzature audio video digitali e analogiche, donate da musicisti e video operatori toscani. Queste attrezzature serviranno ad accompagnare gli adolescenti&hellip;&nbsp;<a href=\"https:\/\/arteresidente.it\/index.php\/digiteen-lab\/\" class=\"\" rel=\"bookmark\">Leggi tutto &raquo;<span class=\"screen-reader-text\">DIGITEEN LAB<\/span><\/a><\/p>\n","protected":false},"author":1,"featured_media":0,"parent":0,"menu_order":0,"comment_status":"closed","ping_status":"closed","template":"","meta":{"neve_meta_sidebar":"","neve_meta_container":"","neve_meta_enable_content_width":"","neve_meta_content_width":0,"neve_meta_title_alignment":"","neve_meta_author_avatar":"","neve_post_elements_order":"","neve_meta_disable_header":"","neve_meta_disable_footer":"","neve_meta_disable_title":"","_themeisle_gutenberg_block_has_review":false,"footnotes":""},"class_list":["post-364","page","type-page","status-publish","hentry"],"yoast_head":"<!-- This site is optimized with the Yoast SEO plugin v24.0 - https:\/\/yoast.com\/wordpress\/plugins\/seo\/ -->\n<title>DIGITEEN LAB - Arte Residente<\/title>\n<meta name=\"robots\" content=\"index, follow, max-snippet:-1, max-image-preview:large, max-video-preview:-1\" \/>\n<link rel=\"canonical\" href=\"https:\/\/arteresidente.it\/index.php\/digiteen-lab\/\" \/>\n<meta property=\"og:locale\" content=\"it_IT\" \/>\n<meta property=\"og:type\" content=\"article\" \/>\n<meta property=\"og:title\" content=\"DIGITEEN LAB - Arte Residente\" \/>\n<meta property=\"og:description\" content=\"di Arte Residente e Piccola Parigi Da Novembre 2024 un nuovo progetto nel teatro Marchionneschi di Guardistallo: il DIGITEEN LAB , uno spazio dedicato agli adolescenti ricavato nel foyer del teatro. Nello spazio saranno presenti attrezzature audio video digitali e analogiche, donate da musicisti e video operatori toscani. Queste attrezzature serviranno ad accompagnare gli adolescenti&hellip;&nbsp;Leggi tutto &raquo;DIGITEEN LAB\" \/>\n<meta property=\"og:url\" content=\"https:\/\/arteresidente.it\/index.php\/digiteen-lab\/\" \/>\n<meta property=\"og:site_name\" content=\"Arte Residente\" \/>\n<meta property=\"article:modified_time\" content=\"2024-07-30T18:00:56+00:00\" \/>\n<meta property=\"og:image\" content=\"https:\/\/arteresidente.it\/wp-content\/uploads\/2023\/10\/DSC0363-1024x635.jpg\" \/>\n<meta name=\"twitter:card\" content=\"summary_large_image\" \/>\n<meta name=\"twitter:label1\" content=\"Tempo di lettura stimato\" \/>\n\t<meta name=\"twitter:data1\" content=\"2 minuti\" \/>\n<script type=\"application\/ld+json\" class=\"yoast-schema-graph\">{\"@context\":\"https:\/\/schema.org\",\"@graph\":[{\"@type\":\"WebPage\",\"@id\":\"https:\/\/arteresidente.it\/index.php\/digiteen-lab\/\",\"url\":\"https:\/\/arteresidente.it\/index.php\/digiteen-lab\/\",\"name\":\"DIGITEEN LAB - Arte Residente\",\"isPartOf\":{\"@id\":\"https:\/\/arteresidente.it\/#website\"},\"primaryImageOfPage\":{\"@id\":\"https:\/\/arteresidente.it\/index.php\/digiteen-lab\/#primaryimage\"},\"image\":{\"@id\":\"https:\/\/arteresidente.it\/index.php\/digiteen-lab\/#primaryimage\"},\"thumbnailUrl\":\"https:\/\/arteresidente.it\/wp-content\/uploads\/2023\/10\/DSC0363-1024x635.jpg\",\"datePublished\":\"2023-10-04T11:44:42+00:00\",\"dateModified\":\"2024-07-30T18:00:56+00:00\",\"breadcrumb\":{\"@id\":\"https:\/\/arteresidente.it\/index.php\/digiteen-lab\/#breadcrumb\"},\"inLanguage\":\"it-IT\",\"potentialAction\":[{\"@type\":\"ReadAction\",\"target\":[\"https:\/\/arteresidente.it\/index.php\/digiteen-lab\/\"]}]},{\"@type\":\"ImageObject\",\"inLanguage\":\"it-IT\",\"@id\":\"https:\/\/arteresidente.it\/index.php\/digiteen-lab\/#primaryimage\",\"url\":\"https:\/\/arteresidente.it\/wp-content\/uploads\/2023\/10\/DSC0363-scaled.jpg\",\"contentUrl\":\"https:\/\/arteresidente.it\/wp-content\/uploads\/2023\/10\/DSC0363-scaled.jpg\",\"width\":2560,\"height\":1588},{\"@type\":\"BreadcrumbList\",\"@id\":\"https:\/\/arteresidente.it\/index.php\/digiteen-lab\/#breadcrumb\",\"itemListElement\":[{\"@type\":\"ListItem\",\"position\":1,\"name\":\"Home\",\"item\":\"https:\/\/arteresidente.it\/\"},{\"@type\":\"ListItem\",\"position\":2,\"name\":\"DIGITEEN LAB\"}]},{\"@type\":\"WebSite\",\"@id\":\"https:\/\/arteresidente.it\/#website\",\"url\":\"https:\/\/arteresidente.it\/\",\"name\":\"Arte Residente\",\"description\":\"\",\"potentialAction\":[{\"@type\":\"SearchAction\",\"target\":{\"@type\":\"EntryPoint\",\"urlTemplate\":\"https:\/\/arteresidente.it\/?s={search_term_string}\"},\"query-input\":{\"@type\":\"PropertyValueSpecification\",\"valueRequired\":true,\"valueName\":\"search_term_string\"}}],\"inLanguage\":\"it-IT\"}]}<\/script>\n<!-- \/ Yoast SEO plugin. -->","yoast_head_json":{"title":"DIGITEEN LAB - Arte Residente","robots":{"index":"index","follow":"follow","max-snippet":"max-snippet:-1","max-image-preview":"max-image-preview:large","max-video-preview":"max-video-preview:-1"},"canonical":"https:\/\/arteresidente.it\/index.php\/digiteen-lab\/","og_locale":"it_IT","og_type":"article","og_title":"DIGITEEN LAB - Arte Residente","og_description":"di Arte Residente e Piccola Parigi Da Novembre 2024 un nuovo progetto nel teatro Marchionneschi di Guardistallo: il DIGITEEN LAB , uno spazio dedicato agli adolescenti ricavato nel foyer del teatro. Nello spazio saranno presenti attrezzature audio video digitali e analogiche, donate da musicisti e video operatori toscani. Queste attrezzature serviranno ad accompagnare gli adolescenti&hellip;&nbsp;Leggi tutto &raquo;DIGITEEN LAB","og_url":"https:\/\/arteresidente.it\/index.php\/digiteen-lab\/","og_site_name":"Arte Residente","article_modified_time":"2024-07-30T18:00:56+00:00","og_image":[{"url":"https:\/\/arteresidente.it\/wp-content\/uploads\/2023\/10\/DSC0363-1024x635.jpg","type":"","width":"","height":""}],"twitter_card":"summary_large_image","twitter_misc":{"Tempo di lettura stimato":"2 minuti"},"schema":{"@context":"https:\/\/schema.org","@graph":[{"@type":"WebPage","@id":"https:\/\/arteresidente.it\/index.php\/digiteen-lab\/","url":"https:\/\/arteresidente.it\/index.php\/digiteen-lab\/","name":"DIGITEEN LAB - Arte Residente","isPartOf":{"@id":"https:\/\/arteresidente.it\/#website"},"primaryImageOfPage":{"@id":"https:\/\/arteresidente.it\/index.php\/digiteen-lab\/#primaryimage"},"image":{"@id":"https:\/\/arteresidente.it\/index.php\/digiteen-lab\/#primaryimage"},"thumbnailUrl":"https:\/\/arteresidente.it\/wp-content\/uploads\/2023\/10\/DSC0363-1024x635.jpg","datePublished":"2023-10-04T11:44:42+00:00","dateModified":"2024-07-30T18:00:56+00:00","breadcrumb":{"@id":"https:\/\/arteresidente.it\/index.php\/digiteen-lab\/#breadcrumb"},"inLanguage":"it-IT","potentialAction":[{"@type":"ReadAction","target":["https:\/\/arteresidente.it\/index.php\/digiteen-lab\/"]}]},{"@type":"ImageObject","inLanguage":"it-IT","@id":"https:\/\/arteresidente.it\/index.php\/digiteen-lab\/#primaryimage","url":"https:\/\/arteresidente.it\/wp-content\/uploads\/2023\/10\/DSC0363-scaled.jpg","contentUrl":"https:\/\/arteresidente.it\/wp-content\/uploads\/2023\/10\/DSC0363-scaled.jpg","width":2560,"height":1588},{"@type":"BreadcrumbList","@id":"https:\/\/arteresidente.it\/index.php\/digiteen-lab\/#breadcrumb","itemListElement":[{"@type":"ListItem","position":1,"name":"Home","item":"https:\/\/arteresidente.it\/"},{"@type":"ListItem","position":2,"name":"DIGITEEN LAB"}]},{"@type":"WebSite","@id":"https:\/\/arteresidente.it\/#website","url":"https:\/\/arteresidente.it\/","name":"Arte Residente","description":"","potentialAction":[{"@type":"SearchAction","target":{"@type":"EntryPoint","urlTemplate":"https:\/\/arteresidente.it\/?s={search_term_string}"},"query-input":{"@type":"PropertyValueSpecification","valueRequired":true,"valueName":"search_term_string"}}],"inLanguage":"it-IT"}]}},"jetpack_sharing_enabled":true,"_links":{"self":[{"href":"https:\/\/arteresidente.it\/index.php\/wp-json\/wp\/v2\/pages\/364","targetHints":{"allow":["GET"]}}],"collection":[{"href":"https:\/\/arteresidente.it\/index.php\/wp-json\/wp\/v2\/pages"}],"about":[{"href":"https:\/\/arteresidente.it\/index.php\/wp-json\/wp\/v2\/types\/page"}],"author":[{"embeddable":true,"href":"https:\/\/arteresidente.it\/index.php\/wp-json\/wp\/v2\/users\/1"}],"replies":[{"embeddable":true,"href":"https:\/\/arteresidente.it\/index.php\/wp-json\/wp\/v2\/comments?post=364"}],"version-history":[{"count":11,"href":"https:\/\/arteresidente.it\/index.php\/wp-json\/wp\/v2\/pages\/364\/revisions"}],"predecessor-version":[{"id":446,"href":"https:\/\/arteresidente.it\/index.php\/wp-json\/wp\/v2\/pages\/364\/revisions\/446"}],"wp:attachment":[{"href":"https:\/\/arteresidente.it\/index.php\/wp-json\/wp\/v2\/media?parent=364"}],"curies":[{"name":"wp","href":"https:\/\/api.w.org\/{rel}","templated":true}]}}